{"id":648,"date":"2024-03-29T23:49:33","date_gmt":"2024-03-29T23:49:33","guid":{"rendered":"https:\/\/avicennemedical.com\/?page_id=648"},"modified":"2024-12-27T20:26:25","modified_gmt":"2024-12-27T20:26:25","slug":"faq","status":"publish","type":"page","link":"https:\/\/avicennemedical.com\/fr\/faq\/","title":{"rendered":"FAQ"},"content":{"rendered":"<div data-elementor-type=\"wp-page\" data-elementor-id=\"648\" class=\"elementor elementor-648\" data-elementor-post-type=\"page\">\n\t\t\t\t<div data-dce-background-image-url=\"https:\/\/avicennemedical.com\/wp-content\/uploads\/2024\/03\/Vector-3.png\" class=\"elementor-element elementor-element-3542a49 e-con-full e-flex e-con e-parent\" data-id=\"3542a49\" data-element_type=\"container\" data-settings=\"{&quot;background_background&quot;:&quot;classic&quot;}\">\n\t\t<div data-dce-background-image-url=\"https:\/\/avicennemedical.com\/wp-content\/uploads\/2024\/03\/Rectangle-203.svg\" class=\"elementor-element elementor-element-17265aa e-flex e-con-boxed e-con e-child\" data-id=\"17265aa\" data-element_type=\"container\" data-settings=\"{&quot;background_background&quot;:&quot;classic&quot;}\">\n\t\t\t\t\t<div class=\"e-con-inner\">\n\t\t<div class=\"elementor-element elementor-element-6ab9195 e-con-full e-flex e-con e-child\" data-id=\"6ab9195\" data-element_type=\"container\">\n\t\t\t\t<div class=\"elementor-element elementor-element-89cd11d elementor-tablet-align-center elementor-align-center elementor-icon-list--layout-traditional elementor-list-item-link-full_width elementor-invisible elementor-widget elementor-widget-icon-list\" data-id=\"89cd11d\" data-element_type=\"widget\" data-settings=\"{&quot;_animation&quot;:&quot;fadeInUp&quot;}\" data-widget_type=\"icon-list.default\">\n\t\t\t\t<div class=\"elementor-widget-container\">\n\t\t\t\t\t\t\t<ul class=\"elementor-icon-list-items\">\n\t\t\t\t\t\t\t<li class=\"elementor-icon-list-item\">\n\t\t\t\t\t\t\t\t\t\t\t<span class=\"elementor-icon-list-icon\">\n\t\t\t\t\t\t\t<svg xmlns=\"http:\/\/www.w3.org\/2000\/svg\" width=\"40\" height=\"40\" viewbox=\"0 0 40 40\" fill=\"none\"><rect width=\"40\" height=\"40\" rx=\"20\" fill=\"#52C2B3\"><\/rect><path d=\"M22.8532 26.8449C24.6394 24.1283 24.339 20.4404 21.9521 18.0504C19.5451 15.6404 15.8197 15.3549 13.1003 17.1939M22.8532 26.8449C22.5961 27.2359 22.2957 27.6068 21.9521 27.9508C20.3638 29.5411 16.9956 30.9161 14.262 29.2246C14.1098 29.1305 14.0338 29.0834 13.9763 29.0606C13.8663 29.017 13.7829 29.0044 13.665 29.0135C13.6033 29.0183 13.5334 29.0364 13.3936 29.0727C12.5142 29.3009 12.0745 29.415 11.7577 29.3505C11.2079 29.2384 10.7782 28.8082 10.6663 28.2577C10.6018 27.9405 10.7158 27.5002 10.9438 26.6197C10.98 26.4797 10.9981 26.4098 11.0028 26.3478C11.0119 26.2297 10.999 26.1453 10.9553 26.0352C10.9323 25.9775 10.8854 25.9019 10.7915 25.7506C9.09634 23.0195 10.4082 19.7085 12.0642 18.0504C12.3876 17.7266 12.7349 17.4411 13.1003 17.1939M22.8532 26.8449L23 26.8198C23.6216 26.6705 24.2353 26.4232 24.8248 26.0585C25.0095 25.9441 25.1019 25.887 25.1717 25.8593C25.3052 25.8064 25.4065 25.791 25.5497 25.8021C25.6246 25.8079 25.7094 25.8299 25.8791 25.874C26.947 26.1511 27.481 26.2897 27.8656 26.2113C28.5333 26.0753 29.055 25.5528 29.1909 24.8843C29.2692 24.4992 29.1308 23.9646 28.854 22.8954C28.81 22.7254 28.788 22.6404 28.7823 22.5652C28.7713 22.4218 28.7869 22.3192 28.84 22.1856C28.8679 22.1155 28.9249 22.0237 29.0389 21.8401C31.0973 18.5236 29.5043 14.5031 27.4935 12.4898C24.1779 9.17006 18.8023 9.17006 15.4867 12.4898C14.1619 13.8163 13.3664 15.472 13.1003 17.1939\" stroke=\"#FAFAFA\" stroke-width=\"1.5\"><\/path><path d=\"M19 23C19 23.5523 19.4477 24 20 24C20.5523 24 21 23.5523 21 23C21 22.4477 20.5523 22 20 22C19.4477 22 19 22.4477 19 23Z\" fill=\"#FAFAFA\"><\/path><path d=\"M16 23C16 23.5523 16.4477 24 17 24C17.5523 24 18 23.5523 18 23C18 22.4477 17.5523 22 17 22C16.4477 22 16 22.4477 16 23Z\" fill=\"#FAFAFA\"><\/path><path d=\"M13 23C13 23.5523 13.4477 24 14 24C14.5523 24 15 23.5523 15 23C15 22.4477 14.5523 22 14 22C13.4477 22 13 22.4477 13 23Z\" fill=\"#FAFAFA\"><\/path><\/svg>\t\t\t\t\t\t<\/span>\n\t\t\t\t\t\t\t\t\t\t<span class=\"elementor-icon-list-text\">Foire aux <br> Questions<\/span>\n\t\t\t\t\t\t\t\t\t<\/li>\n\t\t\t\t\t\t<\/ul>\n\t\t\t\t\t\t<\/div>\n\t\t\t\t<\/div>\n\t\t\t\t<div class=\"elementor-element elementor-element-b73fed6 elementor-invisible elementor-widget elementor-widget-button\" data-id=\"b73fed6\" data-element_type=\"widget\" data-settings=\"{&quot;_animation&quot;:&quot;fadeInUp&quot;}\" data-widget_type=\"button.default\">\n\t\t\t\t<div class=\"elementor-widget-container\">\n\t\t\t\t\t\t\t\t\t<div class=\"elementor-button-wrapper\">\n\t\t\t\t\t<a class=\"elementor-button elementor-button-link elementor-size-sm\" href=\"#Scroll\">\n\t\t\t\t\t\t<span class=\"elementor-button-content-wrapper\">\n\t\t\t\t\t\t<span class=\"elementor-button-icon\">\n\t\t\t\t<svg xmlns=\"http:\/\/www.w3.org\/2000\/svg\" width=\"12\" height=\"18\" viewbox=\"0 0 12 18\" fill=\"none\"><path d=\"M6.75 1C6.75 0.585786 6.41421 0.25 6 0.25C5.58579 0.25 5.25 0.585786 5.25 1L6.75 1ZM5.25 17C5.25 17.4142 5.58579 17.75 6 17.75C6.41421 17.75 6.75 17.4142 6.75 17H5.25ZM11.5327 13.528C11.8243 13.2338 11.8222 12.7589 11.528 12.4673C11.2338 12.1757 10.7589 12.1778 10.4673 12.472L11.5327 13.528ZM9.25269 14.763L8.72 14.235L9.25269 14.763ZM2.74731 14.763L3.28 14.235L2.74731 14.763ZM1.53269 12.472C1.24111 12.1778 0.766238 12.1757 0.472041 12.4673C0.177844 12.7589 0.175726 13.2338 0.467309 13.528L1.53269 12.472ZM6.31333 16.9801L6.40816 17.7241H6.40816L6.31333 16.9801ZM5.68667 16.9801L5.59184 17.7241H5.59184L5.68667 16.9801ZM5.25 1L5.25 17H6.75L6.75 1L5.25 1ZM10.4673 12.472L8.72 14.235L9.78538 15.2909L11.5327 13.528L10.4673 12.472ZM3.28 14.235L1.53269 12.472L0.467309 13.528L2.21462 15.2909L3.28 14.235ZM8.72 14.235C8.01086 14.9505 7.52282 15.4413 7.10929 15.7734C6.7076 16.096 6.44958 16.2067 6.2185 16.2361L6.40816 17.7241C7.02628 17.6453 7.54122 17.3504 8.04854 16.9429C8.54403 16.545 9.10108 15.9814 9.78538 15.2909L8.72 14.235ZM2.21462 15.2909C2.89892 15.9814 3.45597 16.545 3.95146 16.9429C4.45878 17.3504 4.97373 17.6453 5.59184 17.7241L5.7815 16.2361C5.55042 16.2067 5.2924 16.096 4.89071 15.7734C4.47718 15.4413 3.98914 14.9505 3.28 14.235L2.21462 15.2909ZM6.2185 16.2361C6.07341 16.2546 5.9266 16.2546 5.7815 16.2361L5.59184 17.7241C5.86286 17.7586 6.13713 17.7586 6.40816 17.7241L6.2185 16.2361Z\" fill=\"#52C2B3\"><\/path><\/svg>\t\t\t<\/span>\n\t\t\t\t\t\t\t\t\t<span class=\"elementor-button-text\">FAITES D\u00c9FILER VERS LE BAS<\/span>\n\t\t\t\t\t<\/span>\n\t\t\t\t\t<\/a>\n\t\t\t\t<\/div>\n\t\t\t\t\t\t\t\t<\/div>\n\t\t\t\t<\/div>\n\t\t\t\t<\/div>\n\t\t\t\t\t<\/div>\n\t\t\t\t<\/div>\n\t\t\t\t<\/div>\n\t\t<div class=\"elementor-element elementor-element-605aa58 e-con-full e-flex e-con e-parent\" data-id=\"605aa58\" data-element_type=\"container\" id=\"Scroll\">\n\t\t<div class=\"elementor-element elementor-element-ff395c6 e-flex e-con-boxed e-con e-child\" data-id=\"ff395c6\" data-element_type=\"container\">\n\t\t\t\t\t<div class=\"e-con-inner\">\n\t\t\t\t<div class=\"elementor-element elementor-element-cc53baa elementor-widget elementor-widget-ucaddon_content_accordion\" data-id=\"cc53baa\" data-element_type=\"widget\" data-widget_type=\"ucaddon_content_accordion.default\">\n\t\t\t\t<div class=\"elementor-widget-container\">\n\t\t\t\t\t<!-- start Content Accordion -->\n\t\t<link id='font-awesome-css' href='https:\/\/avicennemedical.com\/wp-content\/plugins\/unlimited-elements-for-elementor-premium\/assets_libraries\/font-awesome6\/fontawesome-all.min.css' type='text\/css' rel='stylesheet' >\n\t\t<link id='font-awesome-4-shim-css' href='https:\/\/avicennemedical.com\/wp-content\/plugins\/unlimited-elements-for-elementor-premium\/assets_libraries\/font-awesome6\/fontawesome-v4-shims.min.css' type='text\/css' rel='stylesheet' >\n\n\t\t\t<style type=\"text\/css\">\/* widget: Content Accordion *\/\n\n\n\n#uc_content_accordion_elementor_cc53baa *{\n  box-sizing: border-box;\n}\n\n#uc_content_accordion_elementor_cc53baa .uc_ac_box\n{\n  overflow:hidden;\n}\n\n#uc_content_accordion_elementor_cc53baa .ue_heading_title\n{\n  margin:0;\n  flex-grow:1;\n  display:flex;\n  flex-direction:row;\n}\n\n#uc_content_accordion_elementor_cc53baa .uc_container .uc-heading\n{\n\tdisplay:flex;\n    align-items:center;\n\toverflow:hidden;\n\tcursor:pointer;\n  \n}\n#uc_content_accordion_elementor_cc53baa .uc_container .uc_content\n{\n    display:none;\n}\n\n#uc_content_accordion_elementor_cc53baa .uc_container .uc-heading span.ue_accordion_icon\n{\n\tdisplay:flex;\n    align-items:center;\n   \tjustify-content:center;\n    flex-grow:0;\n    flex-shrink:0;\n}\n#uc_content_accordion_elementor_cc53baa .uc_ac_box.uc-item-active span.uc_dactive\n{\n\tdisplay:none;\n}\n#uc_content_accordion_elementor_cc53baa .uc_ac_box:not(.uc-item-active) span.uc_active\n{\n\tdisplay:none;\n}\n#uc_content_accordion_elementor_cc53baa span.ue_accordion_icon svg\n{\n  height:1em;\n  width:1em;\n}\n\n#uc_content_accordion_elementor_cc53baa .uc_container .uc_btn {\n\n    text-align: center;\n    display: inline-block;\n    text-decoration: none;\n    transition: ease-in-out all 0.25s;\n}\n\n#uc_content_accordion_elementor_cc53baa .ue-item-image img\n{\n  width:100%;\n  display:block;\n  object-fit:cover;\n}\n\n<\/style>\n\n\t\t\t<div class=\"uc_material_accordion\"  id=\"uc_content_accordion_elementor_cc53baa\"  data-name=\"\" data-scroll=\"off\" data-offset=\"0\" data-closeothers=\"true\" data-set-hash=\"false\" >\n  <div class=\"uc_container uc-items-wrapper\">\n    \n\t\t\n\n<div id=\"#ue-tab1\" class=\"uc_ac_box elementor-repeater-item-54bc295 uc-item-active\" style=\"background-color:;\">\n  <div class=\"uc-heading uc_trigger\">\n    <span class=\"uc_dactive bbb ue_accordion_icon\"><svg xmlns=\"http:\/\/www.w3.org\/2000\/svg\" width=\"22\" height=\"22\" viewbox=\"0 0 22 22\" fill=\"none\"><path d=\"M6 13L7.74731 11.237C9.14075 9.8311 9.83747 9.12813 10.6867 9.01989C10.8947 8.99337 11.1053 8.99337 11.3133 9.01989C12.1625 9.12813 12.8592 9.8311 14.2527 11.237L16 13M0.999999 11C0.999999 5.47715 5.47715 1 11 1C16.5228 1 21 5.47715 21 11C21 16.5228 16.5228 21 11 21C5.47715 21 1 16.5228 0.999999 11Z\" stroke=\"#030303\" stroke-width=\"1.5\" stroke-linecap=\"round\"><\/path><\/svg><\/span> \n    <span class=\"uc_active bbb ue_accordion_icon\"><svg xmlns=\"http:\/\/www.w3.org\/2000\/svg\" width=\"22\" height=\"22\" viewbox=\"0 0 22 22\" fill=\"none\"><path d=\"M16 9L14.2527 10.763C12.8592 12.1689 12.1625 12.8719 11.3133 12.9801C11.1053 13.0066 10.8947 13.0066 10.6867 12.9801C9.83748 12.8719 9.14075 12.1689 7.74731 10.763L6 9M21 11C21 16.5228 16.5228 21 11 21C5.47715 21 1 16.5228 1 11C1 5.47715 5.47715 1 11 1C16.5228 1 21 5.47715 21 11Z\" stroke=\"#030303\" stroke-width=\"1.5\" stroke-linecap=\"round\"><\/path><\/svg><\/span>\n    <div class=\"ue_heading_title\">Je suis patient de la clinique Avicenne, comment puis-je prendre un rendez-vous avec l\u2019un de vos m\u00e9decins sp\u00e9cialistes ?<\/div>\n  <\/div>\n  \n  <div class=\"uc_content\" style='display:block'>\n        \n      \n         \n                      \n      \n              <div class=\"ue-item-text\">Si vous avez d\u00e9j\u00e0 discut\u00e9 avec votre m\u00e9decin g\u00e9n\u00e9raliste, vous devriez recevoir un appel de la clinique pour confirmer un rendez-vous avec le m\u00e9decin sp\u00e9cialiste. Sinon, vous pouvez toujours contacter la clinique pour prendre un rendez-vous. Si vous ne recevez pas d'appel, cela signifie qu'il n'y a actuellement aucune place disponible.<\/div>\n      \n              \n      <\/div> \n<\/div>\n\n\n\n<div id=\"#ue-tab2\" class=\"uc_ac_box elementor-repeater-item-df690d4\" style=\"background-color:;\">\n  <div class=\"uc-heading uc_trigger\">\n    <span class=\"uc_dactive bbb ue_accordion_icon\"><svg xmlns=\"http:\/\/www.w3.org\/2000\/svg\" width=\"22\" height=\"22\" viewbox=\"0 0 22 22\" fill=\"none\"><path d=\"M6 13L7.74731 11.237C9.14075 9.8311 9.83747 9.12813 10.6867 9.01989C10.8947 8.99337 11.1053 8.99337 11.3133 9.01989C12.1625 9.12813 12.8592 9.8311 14.2527 11.237L16 13M0.999999 11C0.999999 5.47715 5.47715 1 11 1C16.5228 1 21 5.47715 21 11C21 16.5228 16.5228 21 11 21C5.47715 21 1 16.5228 0.999999 11Z\" stroke=\"#030303\" stroke-width=\"1.5\" stroke-linecap=\"round\"><\/path><\/svg><\/span> \n    <span class=\"uc_active bbb ue_accordion_icon\"><svg xmlns=\"http:\/\/www.w3.org\/2000\/svg\" width=\"22\" height=\"22\" viewbox=\"0 0 22 22\" fill=\"none\"><path d=\"M16 9L14.2527 10.763C12.8592 12.1689 12.1625 12.8719 11.3133 12.9801C11.1053 13.0066 10.8947 13.0066 10.6867 12.9801C9.83748 12.8719 9.14075 12.1689 7.74731 10.763L6 9M21 11C21 16.5228 16.5228 21 11 21C5.47715 21 1 16.5228 1 11C1 5.47715 5.47715 1 11 1C16.5228 1 21 5.47715 21 11Z\" stroke=\"#030303\" stroke-width=\"1.5\" stroke-linecap=\"round\"><\/path><\/svg><\/span>\n    <div class=\"ue_heading_title\">Je ne suis pas patient de la clinique, puis-je tout de m\u00eame prendre un rendez-vous avec l\u2019un de vos m\u00e9decins sp\u00e9cialistes ?<\/div>\n  <\/div>\n  \n  <div class=\"uc_content\" >\n        \n      \n         \n                      \n      \n              <div class=\"ue-item-text\">Oui, c'est possible si vous avez une r\u00e9f\u00e9rence de votre m\u00e9decin de famille. Envoyez-la simplement par courriel \u00e0 l'adresse suivante (...) ou par t\u00e9l\u00e9copieur. N'oubliez pas de fournir vos coordonn\u00e9es.<\/div>\n      \n              \n      <\/div> \n<\/div>\n\n\n\n<div id=\"#ue-tab3\" class=\"uc_ac_box elementor-repeater-item-e4b3eab\" style=\"background-color:;\">\n  <div class=\"uc-heading uc_trigger\">\n    <span class=\"uc_dactive bbb ue_accordion_icon\"><svg xmlns=\"http:\/\/www.w3.org\/2000\/svg\" width=\"22\" height=\"22\" viewbox=\"0 0 22 22\" fill=\"none\"><path d=\"M6 13L7.74731 11.237C9.14075 9.8311 9.83747 9.12813 10.6867 9.01989C10.8947 8.99337 11.1053 8.99337 11.3133 9.01989C12.1625 9.12813 12.8592 9.8311 14.2527 11.237L16 13M0.999999 11C0.999999 5.47715 5.47715 1 11 1C16.5228 1 21 5.47715 21 11C21 16.5228 16.5228 21 11 21C5.47715 21 1 16.5228 0.999999 11Z\" stroke=\"#030303\" stroke-width=\"1.5\" stroke-linecap=\"round\"><\/path><\/svg><\/span> \n    <span class=\"uc_active bbb ue_accordion_icon\"><svg xmlns=\"http:\/\/www.w3.org\/2000\/svg\" width=\"22\" height=\"22\" viewbox=\"0 0 22 22\" fill=\"none\"><path d=\"M16 9L14.2527 10.763C12.8592 12.1689 12.1625 12.8719 11.3133 12.9801C11.1053 13.0066 10.8947 13.0066 10.6867 12.9801C9.83748 12.8719 9.14075 12.1689 7.74731 10.763L6 9M21 11C21 16.5228 16.5228 21 11 21C5.47715 21 1 16.5228 1 11C1 5.47715 5.47715 1 11 1C16.5228 1 21 5.47715 21 11Z\" stroke=\"#030303\" stroke-width=\"1.5\" stroke-linecap=\"round\"><\/path><\/svg><\/span>\n    <div class=\"ue_heading_title\">Mon ordonnance est expir\u00e9e et mon pharmacien a envoy\u00e9 une demande de renouvellement, sans r\u00e9ponse. Que puis-je faire ?<\/div>\n  <\/div>\n  \n  <div class=\"uc_content\" >\n        \n      \n         \n                      \n      \n              <div class=\"ue-item-text\">Pour mettre \u00e0 jour votre ordonnance, il est n\u00e9cessaire de prendre un rendez-vous avec votre m\u00e9decin traitant.<\/div>\n      \n              \n      <\/div> \n<\/div>\n\n\n\n<div id=\"#ue-tab4\" class=\"uc_ac_box elementor-repeater-item-d177f54\" style=\"background-color:;\">\n  <div class=\"uc-heading uc_trigger\">\n    <span class=\"uc_dactive bbb ue_accordion_icon\"><svg xmlns=\"http:\/\/www.w3.org\/2000\/svg\" width=\"22\" height=\"22\" viewbox=\"0 0 22 22\" fill=\"none\"><path d=\"M6 13L7.74731 11.237C9.14075 9.8311 9.83747 9.12813 10.6867 9.01989C10.8947 8.99337 11.1053 8.99337 11.3133 9.01989C12.1625 9.12813 12.8592 9.8311 14.2527 11.237L16 13M0.999999 11C0.999999 5.47715 5.47715 1 11 1C16.5228 1 21 5.47715 21 11C21 16.5228 16.5228 21 11 21C5.47715 21 1 16.5228 0.999999 11Z\" stroke=\"#030303\" stroke-width=\"1.5\" stroke-linecap=\"round\"><\/path><\/svg><\/span> \n    <span class=\"uc_active bbb ue_accordion_icon\"><svg xmlns=\"http:\/\/www.w3.org\/2000\/svg\" width=\"22\" height=\"22\" viewbox=\"0 0 22 22\" fill=\"none\"><path d=\"M16 9L14.2527 10.763C12.8592 12.1689 12.1625 12.8719 11.3133 12.9801C11.1053 13.0066 10.8947 13.0066 10.6867 12.9801C9.83748 12.8719 9.14075 12.1689 7.74731 10.763L6 9M21 11C21 16.5228 16.5228 21 11 21C5.47715 21 1 16.5228 1 11C1 5.47715 5.47715 1 11 1C16.5228 1 21 5.47715 21 11Z\" stroke=\"#030303\" stroke-width=\"1.5\" stroke-linecap=\"round\"><\/path><\/svg><\/span>\n    <div class=\"ue_heading_title\">Suite \u00e0 mes tests, je n'ai re\u00e7u aucun retour de mon m\u00e9decin traitant. Que puis-je faire ?<\/div>\n  <\/div>\n  \n  <div class=\"uc_content\" >\n        \n      \n         \n                      \n      \n              <div class=\"ue-item-text\">Normalement, vous recevrez un appel de la clinique pour planifier un rendez-vous de suivi avec votre m\u00e9decin si celui-ci le juge n\u00e9cessaire. Si vous ne recevez aucun appel, cela peut signifier que votre m\u00e9decin ne consid\u00e8re pas n\u00e9cessaire de vous voir parce que vos r\u00e9sultats de tests sont normaux. Cependant, dans certains cas, nous pouvons ne pas recevoir vos r\u00e9sultats pour diverses raisons. En cas de doute, vous pouvez toujours nous contacter.<\/div>\n      \n              \n      <\/div> \n<\/div>\n\n\n\n<div id=\"#ue-tab5\" class=\"uc_ac_box elementor-repeater-item-2d835ee\" style=\"background-color:;\">\n  <div class=\"uc-heading uc_trigger\">\n    <span class=\"uc_dactive bbb ue_accordion_icon\"><svg xmlns=\"http:\/\/www.w3.org\/2000\/svg\" width=\"22\" height=\"22\" viewbox=\"0 0 22 22\" fill=\"none\"><path d=\"M6 13L7.74731 11.237C9.14075 9.8311 9.83747 9.12813 10.6867 9.01989C10.8947 8.99337 11.1053 8.99337 11.3133 9.01989C12.1625 9.12813 12.8592 9.8311 14.2527 11.237L16 13M0.999999 11C0.999999 5.47715 5.47715 1 11 1C16.5228 1 21 5.47715 21 11C21 16.5228 16.5228 21 11 21C5.47715 21 1 16.5228 0.999999 11Z\" stroke=\"#030303\" stroke-width=\"1.5\" stroke-linecap=\"round\"><\/path><\/svg><\/span> \n    <span class=\"uc_active bbb ue_accordion_icon\"><svg xmlns=\"http:\/\/www.w3.org\/2000\/svg\" width=\"22\" height=\"22\" viewbox=\"0 0 22 22\" fill=\"none\"><path d=\"M16 9L14.2527 10.763C12.8592 12.1689 12.1625 12.8719 11.3133 12.9801C11.1053 13.0066 10.8947 13.0066 10.6867 12.9801C9.83748 12.8719 9.14075 12.1689 7.74731 10.763L6 9M21 11C21 16.5228 16.5228 21 11 21C5.47715 21 1 16.5228 1 11C1 5.47715 5.47715 1 11 1C16.5228 1 21 5.47715 21 11Z\" stroke=\"#030303\" stroke-width=\"1.5\" stroke-linecap=\"round\"><\/path><\/svg><\/span>\n    <div class=\"ue_heading_title\">Je cherche un m\u00e9decin de famille, acceptez-vous de nouveaux patients ?<\/div>\n  <\/div>\n  \n  <div class=\"uc_content\" >\n        \n      \n         \n                      \n      \n              <div class=\"ue-item-text\">Actuellement, aucun de nos m\u00e9decins de famille n'accepte de nouveaux patients.<\/div>\n      \n              \n      <\/div> \n<\/div>\n\n\n\n<div id=\"#ue-tab6\" class=\"uc_ac_box elementor-repeater-item-9b36f26\" style=\"background-color:;\">\n  <div class=\"uc-heading uc_trigger\">\n    <span class=\"uc_dactive bbb ue_accordion_icon\"><svg xmlns=\"http:\/\/www.w3.org\/2000\/svg\" width=\"22\" height=\"22\" viewbox=\"0 0 22 22\" fill=\"none\"><path d=\"M6 13L7.74731 11.237C9.14075 9.8311 9.83747 9.12813 10.6867 9.01989C10.8947 8.99337 11.1053 8.99337 11.3133 9.01989C12.1625 9.12813 12.8592 9.8311 14.2527 11.237L16 13M0.999999 11C0.999999 5.47715 5.47715 1 11 1C16.5228 1 21 5.47715 21 11C21 16.5228 16.5228 21 11 21C5.47715 21 1 16.5228 0.999999 11Z\" stroke=\"#030303\" stroke-width=\"1.5\" stroke-linecap=\"round\"><\/path><\/svg><\/span> \n    <span class=\"uc_active bbb ue_accordion_icon\"><svg xmlns=\"http:\/\/www.w3.org\/2000\/svg\" width=\"22\" height=\"22\" viewbox=\"0 0 22 22\" fill=\"none\"><path d=\"M16 9L14.2527 10.763C12.8592 12.1689 12.1625 12.8719 11.3133 12.9801C11.1053 13.0066 10.8947 13.0066 10.6867 12.9801C9.83748 12.8719 9.14075 12.1689 7.74731 10.763L6 9M21 11C21 16.5228 16.5228 21 11 21C5.47715 21 1 16.5228 1 11C1 5.47715 5.47715 1 11 1C16.5228 1 21 5.47715 21 11Z\" stroke=\"#030303\" stroke-width=\"1.5\" stroke-linecap=\"round\"><\/path><\/svg><\/span>\n    <div class=\"ue_heading_title\">En cas d'urgence, puis-je venir \u00e0 la clinique sans rendez-vous ?<\/div>\n  <\/div>\n  \n  <div class=\"uc_content\" >\n        \n      \n         \n                      \n      \n              <div class=\"ue-item-text\">Nous n\u2019acceptons pas les patients sans rendez-vous. Cependant, si vous avez d\u00e9j\u00e0 un m\u00e9decin attitr\u00e9 dans notre clinique, vous pouvez prendre un rendez-vous \u00e0 l'avance via Bonjour-sant\u00e9.<\/div>\n      \n              \n      <\/div> \n<\/div>\n\n\n\n<div id=\"#ue-tab7\" class=\"uc_ac_box elementor-repeater-item-1c17eae\" style=\"background-color:;\">\n  <div class=\"uc-heading uc_trigger\">\n    <span class=\"uc_dactive bbb ue_accordion_icon\"><svg xmlns=\"http:\/\/www.w3.org\/2000\/svg\" width=\"22\" height=\"22\" viewbox=\"0 0 22 22\" fill=\"none\"><path d=\"M6 13L7.74731 11.237C9.14075 9.8311 9.83747 9.12813 10.6867 9.01989C10.8947 8.99337 11.1053 8.99337 11.3133 9.01989C12.1625 9.12813 12.8592 9.8311 14.2527 11.237L16 13M0.999999 11C0.999999 5.47715 5.47715 1 11 1C16.5228 1 21 5.47715 21 11C21 16.5228 16.5228 21 11 21C5.47715 21 1 16.5228 0.999999 11Z\" stroke=\"#030303\" stroke-width=\"1.5\" stroke-linecap=\"round\"><\/path><\/svg><\/span> \n    <span class=\"uc_active bbb ue_accordion_icon\"><svg xmlns=\"http:\/\/www.w3.org\/2000\/svg\" width=\"22\" height=\"22\" viewbox=\"0 0 22 22\" fill=\"none\"><path d=\"M16 9L14.2527 10.763C12.8592 12.1689 12.1625 12.8719 11.3133 12.9801C11.1053 13.0066 10.8947 13.0066 10.6867 12.9801C9.83748 12.8719 9.14075 12.1689 7.74731 10.763L6 9M21 11C21 16.5228 16.5228 21 11 21C5.47715 21 1 16.5228 1 11C1 5.47715 5.47715 1 11 1C16.5228 1 21 5.47715 21 11Z\" stroke=\"#030303\" stroke-width=\"1.5\" stroke-linecap=\"round\"><\/path><\/svg><\/span>\n    <div class=\"ue_heading_title\">Comment pouvons-nous ouvrir les fichiers s\u00e9curis\u00e9s envoy\u00e9s par notre clinique ?<\/div>\n  <\/div>\n  \n  <div class=\"uc_content\" >\n        \n      \n         \n                      \n      \n              <div class=\"ue-item-text\">Veuillez entrer les 6 derniers chiffres de votre carte d\u2019assurance maladie.<\/div>\n      \n              \n      <\/div> \n<\/div>\n\n\n\n<div id=\"#ue-tab8\" class=\"uc_ac_box elementor-repeater-item-0904087\" style=\"background-color:;\">\n  <div class=\"uc-heading uc_trigger\">\n    <span class=\"uc_dactive bbb ue_accordion_icon\"><svg xmlns=\"http:\/\/www.w3.org\/2000\/svg\" width=\"22\" height=\"22\" viewbox=\"0 0 22 22\" fill=\"none\"><path d=\"M6 13L7.74731 11.237C9.14075 9.8311 9.83747 9.12813 10.6867 9.01989C10.8947 8.99337 11.1053 8.99337 11.3133 9.01989C12.1625 9.12813 12.8592 9.8311 14.2527 11.237L16 13M0.999999 11C0.999999 5.47715 5.47715 1 11 1C16.5228 1 21 5.47715 21 11C21 16.5228 16.5228 21 11 21C5.47715 21 1 16.5228 0.999999 11Z\" stroke=\"#030303\" stroke-width=\"1.5\" stroke-linecap=\"round\"><\/path><\/svg><\/span> \n    <span class=\"uc_active bbb ue_accordion_icon\"><svg xmlns=\"http:\/\/www.w3.org\/2000\/svg\" width=\"22\" height=\"22\" viewbox=\"0 0 22 22\" fill=\"none\"><path d=\"M16 9L14.2527 10.763C12.8592 12.1689 12.1625 12.8719 11.3133 12.9801C11.1053 13.0066 10.8947 13.0066 10.6867 12.9801C9.83748 12.8719 9.14075 12.1689 7.74731 10.763L6 9M21 11C21 16.5228 16.5228 21 11 21C5.47715 21 1 16.5228 1 11C1 5.47715 5.47715 1 11 1C16.5228 1 21 5.47715 21 11Z\" stroke=\"#030303\" stroke-width=\"1.5\" stroke-linecap=\"round\"><\/path><\/svg><\/span>\n    <div class=\"ue_heading_title\">Offrez-vous des services de vaccination p\u00e9diatrique ?<\/div>\n  <\/div>\n  \n  <div class=\"uc_content\" >\n        \n      \n         \n                      \n      \n              <div class=\"ue-item-text\"><p>Non<\/p><\/div>\n      \n              \n      <\/div> \n<\/div>\n\n\n\n<div id=\"#ue-tab9\" class=\"uc_ac_box elementor-repeater-item-1936417\" style=\"background-color:;\">\n  <div class=\"uc-heading uc_trigger\">\n    <span class=\"uc_dactive bbb ue_accordion_icon\"><svg xmlns=\"http:\/\/www.w3.org\/2000\/svg\" width=\"22\" height=\"22\" viewbox=\"0 0 22 22\" fill=\"none\"><path d=\"M6 13L7.74731 11.237C9.14075 9.8311 9.83747 9.12813 10.6867 9.01989C10.8947 8.99337 11.1053 8.99337 11.3133 9.01989C12.1625 9.12813 12.8592 9.8311 14.2527 11.237L16 13M0.999999 11C0.999999 5.47715 5.47715 1 11 1C16.5228 1 21 5.47715 21 11C21 16.5228 16.5228 21 11 21C5.47715 21 1 16.5228 0.999999 11Z\" stroke=\"#030303\" stroke-width=\"1.5\" stroke-linecap=\"round\"><\/path><\/svg><\/span> \n    <span class=\"uc_active bbb ue_accordion_icon\"><svg xmlns=\"http:\/\/www.w3.org\/2000\/svg\" width=\"22\" height=\"22\" viewbox=\"0 0 22 22\" fill=\"none\"><path d=\"M16 9L14.2527 10.763C12.8592 12.1689 12.1625 12.8719 11.3133 12.9801C11.1053 13.0066 10.8947 13.0066 10.6867 12.9801C9.83748 12.8719 9.14075 12.1689 7.74731 10.763L6 9M21 11C21 16.5228 16.5228 21 11 21C5.47715 21 1 16.5228 1 11C1 5.47715 5.47715 1 11 1C16.5228 1 21 5.47715 21 11Z\" stroke=\"#030303\" stroke-width=\"1.5\" stroke-linecap=\"round\"><\/path><\/svg><\/span>\n    <div class=\"ue_heading_title\">Offrez-vous le service de circoncision ?<\/div>\n  <\/div>\n  \n  <div class=\"uc_content\" >\n        \n      \n         \n                      \n      \n              <div class=\"ue-item-text\">Oui, de 0 \u00e0 3 mois.<\/div>\n      \n              \n      <\/div> \n<\/div>\n\n  <\/div>\n<\/div>\n\n\n\t\t\t<!-- end Content Accordion -->\t\t\t\t<\/div>\n\t\t\t\t<\/div>\n\t\t\t\t\t<\/div>\n\t\t\t\t<\/div>\n\t\t\t\t<\/div>\n\t\t\t\t<\/div>","protected":false},"excerpt":{"rendered":"<p>Frequently Asked Questions SCROLL DOWN I am a patient of the Avicenna clinic, how can I make an appointment with one of your specialist doctors? In case you have previously discussed with your general practitioner, you should receive a call from the clinic to confirm with you an appointment with the specialist doctor. Otherwise, you [&hellip;]<\/p>","protected":false},"author":5,"featured_media":0,"parent":0,"menu_order":0,"comment_status":"closed","ping_status":"closed","template":"","meta":{"_acf_changed":false,"footnotes":""},"class_list":["post-648","page","type-page","status-publish","hentry"],"acf":[],"_links":{"self":[{"href":"https:\/\/avicennemedical.com\/fr\/wp-json\/wp\/v2\/pages\/648","targetHints":{"allow":["GET"]}}],"collection":[{"href":"https:\/\/avicennemedical.com\/fr\/wp-json\/wp\/v2\/pages"}],"about":[{"href":"https:\/\/avicennemedical.com\/fr\/wp-json\/wp\/v2\/types\/page"}],"author":[{"embeddable":true,"href":"https:\/\/avicennemedical.com\/fr\/wp-json\/wp\/v2\/users\/5"}],"replies":[{"embeddable":true,"href":"https:\/\/avicennemedical.com\/fr\/wp-json\/wp\/v2\/comments?post=648"}],"version-history":[{"count":34,"href":"https:\/\/avicennemedical.com\/fr\/wp-json\/wp\/v2\/pages\/648\/revisions"}],"predecessor-version":[{"id":1141,"href":"https:\/\/avicennemedical.com\/fr\/wp-json\/wp\/v2\/pages\/648\/revisions\/1141"}],"wp:attachment":[{"href":"https:\/\/avicennemedical.com\/fr\/wp-json\/wp\/v2\/media?parent=648"}],"curies":[{"name":"wp","href":"https:\/\/api.w.org\/{rel}","templated":true}]}}